{"id":4088,"date":"2025-12-05T13:57:22","date_gmt":"2025-12-05T12:57:22","guid":{"rendered":"https:\/\/helicopterossanitarios.com\/politica-de-calidad\/"},"modified":"2026-03-19T21:01:31","modified_gmt":"2026-03-19T20:01:31","slug":"politica-de-calidad","status":"publish","type":"page","link":"https:\/\/helicopterossanitarios.com\/es\/politica-de-calidad\/","title":{"rendered":"Pol\u00edtica de Calidad"},"content":{"rendered":"\t\t<div data-elementor-type=\"wp-page\" data-elementor-id=\"4088\" class=\"elementor elementor-4088 elementor-3213\" data-elementor-post-type=\"page\">\n\t\t\t\t<div class=\"elementor-element elementor-element-46e91be e-con-full hs-p-section-first e-flex e-con e-parent\" data-id=\"46e91be\" data-element_type=\"container\" data-e-type=\"container\">\n\t\t<div class=\"elementor-element elementor-element-3989679 e-flex e-con-boxed e-con e-child\" data-id=\"3989679\" data-element_type=\"container\" data-e-type=\"container\" data-settings=\"{&quot;background_background&quot;:&quot;classic&quot;}\">\n\t\t\t\t\t<div class=\"e-con-inner\">\n\t\t<div class=\"elementor-element elementor-element-115954d e-con-full e-flex e-con e-child\" data-id=\"115954d\" data-element_type=\"container\" data-e-type=\"container\">\n\t\t\t\t<div class=\"elementor-element elementor-element-11b63c7 elementor-icon-list--layout-inline btn-animated elementor-list-item-link-full_width elementor-widget elementor-widget-icon-list\" data-id=\"11b63c7\" data-element_type=\"widget\" data-e-type=\"widget\" data-widget_type=\"icon-list.default\">\n\t\t\t\t\t\t\t<ul class=\"elementor-icon-list-items elementor-inline-items\">\n\t\t\t\t\t\t\t<li class=\"elementor-icon-list-item elementor-inline-item\">\n\t\t\t\t\t\t\t\t\t\t\t<a href=\"https:\/\/helicopterossanitarios.com\/es\/\">\n\n\t\t\t\t\t\t\t\t\t\t\t<span class=\"elementor-icon-list-text\">Inicio<\/span>\n\t\t\t\t\t\t\t\t\t\t\t<\/a>\n\t\t\t\t\t\t\t\t\t<\/li>\n\t\t\t\t\t\t\t\t<li class=\"elementor-icon-list-item elementor-inline-item\">\n\t\t\t\t\t\t\t\t\t\t\t<a href=\"https:\/\/helicopterossanitarios.com\/es\/politica-de-calidad\/\">\n\n\t\t\t\t\t\t\t\t\t\t\t\t<span class=\"elementor-icon-list-icon\">\n\t\t\t\t\t\t\t<svg aria-hidden=\"true\" class=\"e-font-icon-svg e-fas-circle\" viewBox=\"0 0 512 512\" xmlns=\"http:\/\/www.w3.org\/2000\/svg\"><path d=\"M256 8C119 8 8 119 8 256s111 248 248 248 248-111 248-248S393 8 256 8z\"><\/path><\/svg>\t\t\t\t\t\t<\/span>\n\t\t\t\t\t\t\t\t\t\t<span class=\"elementor-icon-list-text\">Pol\u00edtica de Calidad<\/span>\n\t\t\t\t\t\t\t\t\t\t\t<\/a>\n\t\t\t\t\t\t\t\t\t<\/li>\n\t\t\t\t\t\t<\/ul>\n\t\t\t\t\t\t<\/div>\n\t\t\t\t<\/div>\n\t\t\t\t<div class=\"elementor-element elementor-element-23f1944 elementor-widget__width-inherit elementor-widget elementor-widget-elementskit-heading\" data-id=\"23f1944\" data-element_type=\"widget\" data-e-type=\"widget\" data-widget_type=\"elementskit-heading.default\">\n\t\t\t\t\t<div class=\"ekit-wid-con\" ><div class=\"ekit-heading elementskit-section-title-wraper text_left   ekit_heading_tablet-   ekit_heading_mobile-\"><h1 class=\"ekit-heading--title elementskit-section-title \"><span>Pol\u00edtica<\/span> de Calidad<\/h1><\/div><\/div>\t\t\t\t<\/div>\n\t\t\t\t\t<\/div>\n\t\t\t\t<\/div>\n\t\t\t\t<\/div>\n\t\t<div class=\"elementor-element elementor-element-d14700c hs-p-section e-flex e-con-boxed e-con e-parent\" data-id=\"d14700c\" data-element_type=\"container\" data-e-type=\"container\">\n\t\t\t\t\t<div class=\"e-con-inner\">\n\t\t\t\t<div class=\"elementor-element elementor-element-e5e9a03 btn-animated elementor-widget elementor-widget-text-editor\" data-id=\"e5e9a03\" data-element_type=\"widget\" data-e-type=\"widget\" data-widget_type=\"text-editor.default\">\n\t\t\t\t\t\t\t\t\t<div class=\"col-md-12\"><div class=\"panel-body\"><p>En l\u00ednea con la pol\u00edtica y objetivos la pol\u00edtica de calidad de HELICOPTEROS SANITARIOS se concreta en su MISI\u00d3N, VISI\u00d3N y VALORES.<\/p><h4 class=\"color-grey\"><span style=\"color: #0c171a;\">MISI\u00d3N<\/span><\/h4><p>HELICOPTEROS SANITARIOS es una organizaci\u00f3n sanitaria privada cuya principal raz\u00f3n de ser es prestar una atenci\u00f3n integral en la Salud de sus pacientes cumpliendo con todos los requisitos legales y los acordados con sus clientes. Esta atenci\u00f3n estar\u00e1 orientada a proporcionar a nuestros clientes las atenciones necesarias en casos de emergencias, servicios m\u00e9dicos a domicilio u otros servicios m\u00e9dicos que el cliente solicite. <\/p><p>HELICOPTEROS SANITARIOS dispone de una oferta de servicios integral, y actuar\u00e1 con la mejor calidad t\u00e9cnica posible, de acuerdo con los conocimientos contrastados y los recursos disponibles para ser reconocida como modelo de atenci\u00f3n m\u00e9dico avanzada.<\/p><p>Nuestra organizaci\u00f3n estructura sus dispositivos de forma integral, flexible y coordinada. Articula su funcionamiento mediante UVIS y equipos dotados de responsabilidad y autonom\u00eda. <\/p><p>Para la consecuci\u00f3n de estos objetivos nuestras actividades se centran en el logro de la m\u00e1xima satisfacci\u00f3n de nuestros pacientes y sus familiares mediante un cuidadoso trato humano y profesional, basado primordialmente en una atenci\u00f3n cercana y personalizada, siempre en consonancia con los objetivos terap\u00e9uticos individualizados.<\/p><p>Compromiso de cada uno de los trabajadores con la calidad y la eficiencia. Este \u00e9xito se apoya en una din\u00e1mica organizativa basada en el logro de la satisfacci\u00f3n de nuestros trabajadores mediante la motivaci\u00f3n personal y profesional y el establecimiento de medios, recursos y canales de participaci\u00f3n, formaci\u00f3n e informaci\u00f3n. <\/p><p>Nuestra organizaci\u00f3n est\u00e1 comprometida con la gesti\u00f3n eficaz y eficiente de los recursos disponibles en cada momento, as\u00ed como con la gesti\u00f3n de la calidad para lo que establecer\u00e1 los mecanismos de evaluaci\u00f3n adecuados teniendo como objetivo permanente la mejora continua.<\/p><h4 class=\"color-grey\"><span style=\"color: #0c171a;\">VISI\u00d3N<\/span><\/h4><p>Queremos ser una organizaci\u00f3n sanitaria excelente orientada al paciente, sus familiares y la sociedad.<\/p><p>Queremos conseguir la m\u00e1xima satisfacci\u00f3n de nuestros pacientes y sus familiares.<\/p><p>Queremos lograr la mayor eficacia y eficiencia posibles en la gesti\u00f3n de nuestros centros y equipos, con la m\u00e1xima satisfacci\u00f3n de nuestras personas.<\/p><\/div><\/div><div class=\"col-md-12\"><div class=\"content-text\"><h4><span style=\"color: #0c171a;\">VALORES<\/span><\/h4><\/div><div class=\"content-text\"><ul class=\"list-1 list-padd\"><li>Respeto hacia los pacientes y entre los profesionales<\/li><li>Trato cercano y personalizado<\/li><li>Honestidad y \u00e9tica profesional<\/li><li>Responsabilidad y profesionalidad en el trabajo<\/li><li>Transparencia y veracidad en la transmisi\u00f3n de la informaci\u00f3n<\/li><li>Actitud de escucha activa<\/li><li>B\u00fasqueda de nuevas ideas, conocimientos y mejores.<\/li><li>Compromiso personal y social con los pacientes y su salud<\/li><\/ul><\/div><\/div>\t\t\t\t\t\t\t\t<\/div>\n\t\t\t\t\t<\/div>\n\t\t\t\t<\/div>\n\t\t\t\t<\/div>\n\t\t","protected":false},"excerpt":{"rendered":"<p>Inicio Pol\u00edtica de Calidad En l\u00ednea con la pol\u00edtica y objetivos la pol\u00edtica de calidad de HELICOPTEROS SANITARIOS se concreta en su MISI\u00d3N, VISI\u00d3N y VALORES. MISI\u00d3N HELICOPTEROS SANITARIOS es una organizaci\u00f3n sanitaria privada cuya principal raz\u00f3n de ser es prestar una atenci\u00f3n integral en la Salud de sus pacientes cumpliendo con todos los requisitos [&hellip;]<\/p>\n","protected":false},"author":1,"featured_media":0,"parent":0,"menu_order":0,"comment_status":"closed","ping_status":"closed","template":"","meta":{"_acf_changed":false,"footnotes":""},"class_list":["post-4088","page","type-page","status-publish","hentry"],"acf":[],"yoast_head":"<!-- This site is optimized with the Yoast SEO plugin v27.5 - https:\/\/yoast.com\/product\/yoast-seo-wordpress\/ -->\n<title>Pol\u00edtica de Calidad - Helic\u00f3pteros Sanitarios<\/title>\n<meta name=\"robots\" content=\"index, follow, max-snippet:-1, max-image-preview:large, max-video-preview:-1\" \/>\n<link rel=\"canonical\" href=\"https:\/\/helicopterossanitarios.com\/es\/politica-de-calidad\/\" \/>\n<meta property=\"og:locale\" content=\"es_ES\" \/>\n<meta property=\"og:type\" content=\"article\" \/>\n<meta property=\"og:title\" content=\"Pol\u00edtica de Calidad - Helic\u00f3pteros Sanitarios\" \/>\n<meta property=\"og:description\" content=\"Inicio Pol\u00edtica de Calidad En l\u00ednea con la pol\u00edtica y objetivos la pol\u00edtica de calidad de HELICOPTEROS SANITARIOS se concreta en su MISI\u00d3N, VISI\u00d3N y VALORES. MISI\u00d3N HELICOPTEROS SANITARIOS es una organizaci\u00f3n sanitaria privada cuya principal raz\u00f3n de ser es prestar una atenci\u00f3n integral en la Salud de sus pacientes cumpliendo con todos los requisitos [&hellip;]\" \/>\n<meta property=\"og:url\" content=\"https:\/\/helicopterossanitarios.com\/es\/politica-de-calidad\/\" \/>\n<meta property=\"og:site_name\" content=\"Helic\u00f3pteros Sanitarios\" \/>\n<meta property=\"article:modified_time\" content=\"2026-03-19T20:01:31+00:00\" \/>\n<meta name=\"twitter:card\" content=\"summary_large_image\" \/>\n<meta name=\"twitter:label1\" content=\"Tiempo de lectura\" \/>\n\t<meta name=\"twitter:data1\" content=\"2 minutos\" \/>\n<script type=\"application\/ld+json\" class=\"yoast-schema-graph\">{\"@context\":\"https:\\\/\\\/schema.org\",\"@graph\":[{\"@type\":\"WebPage\",\"@id\":\"https:\\\/\\\/helicopterossanitarios.com\\\/es\\\/politica-de-calidad\\\/\",\"url\":\"https:\\\/\\\/helicopterossanitarios.com\\\/es\\\/politica-de-calidad\\\/\",\"name\":\"Pol\u00edtica de Calidad - Helic\u00f3pteros Sanitarios\",\"isPartOf\":{\"@id\":\"https:\\\/\\\/helicopterossanitarios.com\\\/es\\\/#website\"},\"datePublished\":\"2025-12-05T12:57:22+00:00\",\"dateModified\":\"2026-03-19T20:01:31+00:00\",\"breadcrumb\":{\"@id\":\"https:\\\/\\\/helicopterossanitarios.com\\\/es\\\/politica-de-calidad\\\/#breadcrumb\"},\"inLanguage\":\"es\",\"potentialAction\":[{\"@type\":\"ReadAction\",\"target\":[\"https:\\\/\\\/helicopterossanitarios.com\\\/es\\\/politica-de-calidad\\\/\"]}]},{\"@type\":\"BreadcrumbList\",\"@id\":\"https:\\\/\\\/helicopterossanitarios.com\\\/es\\\/politica-de-calidad\\\/#breadcrumb\",\"itemListElement\":[{\"@type\":\"ListItem\",\"position\":1,\"name\":\"Portada\",\"item\":\"https:\\\/\\\/helicopterossanitarios.com\\\/es\\\/helicopteros-sanitarios\\\/\"},{\"@type\":\"ListItem\",\"position\":2,\"name\":\"Pol\u00edtica de Calidad\"}]},{\"@type\":\"WebSite\",\"@id\":\"https:\\\/\\\/helicopterossanitarios.com\\\/es\\\/#website\",\"url\":\"https:\\\/\\\/helicopterossanitarios.com\\\/es\\\/\",\"name\":\"Helic\u00f3pteros Sanitarios\",\"description\":\"Helicopteros Sanitarios is a home doctor service in Marbella and surroundings\",\"potentialAction\":[{\"@type\":\"SearchAction\",\"target\":{\"@type\":\"EntryPoint\",\"urlTemplate\":\"https:\\\/\\\/helicopterossanitarios.com\\\/es\\\/?s={search_term_string}\"},\"query-input\":{\"@type\":\"PropertyValueSpecification\",\"valueRequired\":true,\"valueName\":\"search_term_string\"}}],\"inLanguage\":\"es\"}]}<\/script>\n<!-- \/ Yoast SEO plugin. -->","yoast_head_json":{"title":"Pol\u00edtica de Calidad - Helic\u00f3pteros Sanitarios","robots":{"index":"index","follow":"follow","max-snippet":"max-snippet:-1","max-image-preview":"max-image-preview:large","max-video-preview":"max-video-preview:-1"},"canonical":"https:\/\/helicopterossanitarios.com\/es\/politica-de-calidad\/","og_locale":"es_ES","og_type":"article","og_title":"Pol\u00edtica de Calidad - Helic\u00f3pteros Sanitarios","og_description":"Inicio Pol\u00edtica de Calidad En l\u00ednea con la pol\u00edtica y objetivos la pol\u00edtica de calidad de HELICOPTEROS SANITARIOS se concreta en su MISI\u00d3N, VISI\u00d3N y VALORES. MISI\u00d3N HELICOPTEROS SANITARIOS es una organizaci\u00f3n sanitaria privada cuya principal raz\u00f3n de ser es prestar una atenci\u00f3n integral en la Salud de sus pacientes cumpliendo con todos los requisitos [&hellip;]","og_url":"https:\/\/helicopterossanitarios.com\/es\/politica-de-calidad\/","og_site_name":"Helic\u00f3pteros Sanitarios","article_modified_time":"2026-03-19T20:01:31+00:00","twitter_card":"summary_large_image","twitter_misc":{"Tiempo de lectura":"2 minutos"},"schema":{"@context":"https:\/\/schema.org","@graph":[{"@type":"WebPage","@id":"https:\/\/helicopterossanitarios.com\/es\/politica-de-calidad\/","url":"https:\/\/helicopterossanitarios.com\/es\/politica-de-calidad\/","name":"Pol\u00edtica de Calidad - Helic\u00f3pteros Sanitarios","isPartOf":{"@id":"https:\/\/helicopterossanitarios.com\/es\/#website"},"datePublished":"2025-12-05T12:57:22+00:00","dateModified":"2026-03-19T20:01:31+00:00","breadcrumb":{"@id":"https:\/\/helicopterossanitarios.com\/es\/politica-de-calidad\/#breadcrumb"},"inLanguage":"es","potentialAction":[{"@type":"ReadAction","target":["https:\/\/helicopterossanitarios.com\/es\/politica-de-calidad\/"]}]},{"@type":"BreadcrumbList","@id":"https:\/\/helicopterossanitarios.com\/es\/politica-de-calidad\/#breadcrumb","itemListElement":[{"@type":"ListItem","position":1,"name":"Portada","item":"https:\/\/helicopterossanitarios.com\/es\/helicopteros-sanitarios\/"},{"@type":"ListItem","position":2,"name":"Pol\u00edtica de Calidad"}]},{"@type":"WebSite","@id":"https:\/\/helicopterossanitarios.com\/es\/#website","url":"https:\/\/helicopterossanitarios.com\/es\/","name":"Helic\u00f3pteros Sanitarios","description":"Helicopteros Sanitarios is a home doctor service in Marbella and surroundings","potentialAction":[{"@type":"SearchAction","target":{"@type":"EntryPoint","urlTemplate":"https:\/\/helicopterossanitarios.com\/es\/?s={search_term_string}"},"query-input":{"@type":"PropertyValueSpecification","valueRequired":true,"valueName":"search_term_string"}}],"inLanguage":"es"}]}},"_links":{"self":[{"href":"https:\/\/helicopterossanitarios.com\/es\/wp-json\/wp\/v2\/pages\/4088","targetHints":{"allow":["GET"]}}],"collection":[{"href":"https:\/\/helicopterossanitarios.com\/es\/wp-json\/wp\/v2\/pages"}],"about":[{"href":"https:\/\/helicopterossanitarios.com\/es\/wp-json\/wp\/v2\/types\/page"}],"author":[{"embeddable":true,"href":"https:\/\/helicopterossanitarios.com\/es\/wp-json\/wp\/v2\/users\/1"}],"replies":[{"embeddable":true,"href":"https:\/\/helicopterossanitarios.com\/es\/wp-json\/wp\/v2\/comments?post=4088"}],"version-history":[{"count":3,"href":"https:\/\/helicopterossanitarios.com\/es\/wp-json\/wp\/v2\/pages\/4088\/revisions"}],"predecessor-version":[{"id":4281,"href":"https:\/\/helicopterossanitarios.com\/es\/wp-json\/wp\/v2\/pages\/4088\/revisions\/4281"}],"wp:attachment":[{"href":"https:\/\/helicopterossanitarios.com\/es\/wp-json\/wp\/v2\/media?parent=4088"}],"curies":[{"name":"wp","href":"https:\/\/api.w.org\/{rel}","templated":true}]}}